{"id":808,"date":"2024-02-20T17:30:41","date_gmt":"2024-02-20T16:30:41","guid":{"rendered":"https:\/\/opalinesrenov.fr\/?page_id=808"},"modified":"2024-03-02T18:49:09","modified_gmt":"2024-03-02T17:49:09","slug":"decoration","status":"publish","type":"page","link":"https:\/\/opalinesrenov.fr\/index.php\/decoration\/","title":{"rendered":"Peinture &#038; D\u00e9co"},"content":{"rendered":"\n<div style=\"height:100px\" aria-hidden=\"true\" class=\"wp-block-spacer\"><\/div>\n\n\n\n<h2 class=\"wp-block-heading has-text-align-center\">Nos services de peinture &amp; d\u00e9coration<\/h2>\n\n\n\n<div style=\"height:30px\" aria-hidden=\"true\" class=\"wp-block-spacer\"><\/div>\n\n\n\n<hr class=\"wp-block-separator has-alpha-channel-opacity ticss-275d07de animated zoomIn fast\"\/>\n\n\n\n<div style=\"height:100px\" aria-hidden=\"true\" class=\"wp-block-spacer\"><\/div>\n\n\n\n<div class=\"wp-block-media-text is-stacked-on-mobile animated backInLeft\" style=\"grid-template-columns:40% auto\"><figure class=\"wp-block-media-text__media\"><img loading=\"lazy\" decoding=\"async\" width=\"1024\" height=\"682\" src=\"https:\/\/opalinesrenov.fr\/wp-content\/uploads\/2024\/02\/interior-2591355_1280-1-1024x682.jpg\" alt=\"\" class=\"wp-image-546 size-full\" srcset=\"https:\/\/opalinesrenov.fr\/wp-content\/uploads\/2024\/02\/interior-2591355_1280-1-1024x682.jpg 1024w, https:\/\/opalinesrenov.fr\/wp-content\/uploads\/2024\/02\/interior-2591355_1280-1-300x200.jpg 300w, https:\/\/opalinesrenov.fr\/wp-content\/uploads\/2024\/02\/interior-2591355_1280-1-768x512.jpg 768w, https:\/\/opalinesrenov.fr\/wp-content\/uploads\/2024\/02\/interior-2591355_1280-1-200x133.jpg 200w, https:\/\/opalinesrenov.fr\/wp-content\/uploads\/2024\/02\/interior-2591355_1280-1.jpg 1280w\" sizes=\"auto, (max-width: 1024px) 100vw, 1024px\" \/><\/figure><div class=\"wp-block-media-text__content\">\n<div style=\"height:26px\" aria-hidden=\"true\" class=\"wp-block-spacer\"><\/div>\n\n\n\n<h2 class=\"wp-block-heading has-text-align-center ticss-274e334a has-luminous-vivid-orange-color has-text-color has-link-color wp-elements-71fc58965323b0dae798896d016ddddf\">D\u00e9coration int\u00e9rieure<\/h2>\n\n\n\n<div style=\"height:30px\" aria-hidden=\"true\" class=\"wp-block-spacer\"><\/div>\n\n\n\n<p style=\"font-size:16px\"> Notre entreprise excelle dans l&rsquo;art de la d\u00e9coration int\u00e9rieure, offrant des services personnalis\u00e9s pour transformer vos espaces en des environnements esth\u00e9tiquement inspirants. Que ce soit pour des projets de r\u00e9novation compl\u00e8te ou des ajustements subtils, notre \u00e9quipe de d\u00e9corateurs chevronn\u00e9s combine cr\u00e9ativit\u00e9 et expertise pour donner vie \u00e0 vos id\u00e9es. Nous collaborons \u00e9troitement avec nos clients pour comprendre leurs pr\u00e9f\u00e9rences et aspirations, puis nous mettons en \u0153uvre des concepts innovants, jouant avec les couleurs, les textures et les \u00e9l\u00e9ments d\u00e9coratifs. Notre engagement envers la qualit\u00e9 et le souci du d\u00e9tail garantit des r\u00e9sultats qui refl\u00e8tent votre style unique et cr\u00e9ent une atmosph\u00e8re harmonieuse. Avec notre expertise en d\u00e9coration int\u00e9rieure, nous sommes pr\u00eats \u00e0 embellir votre espace, faisant de chaque projet une expression captivante de votre vision personnelle..<\/p>\n<\/div><\/div>\n\n\n\n<div style=\"height:98px\" aria-hidden=\"true\" class=\"wp-block-spacer\"><\/div>\n\n\n\n<div class=\"wp-block-media-text has-media-on-the-right is-stacked-on-mobile animated backInRight\" style=\"grid-template-columns:auto 40%\"><div class=\"wp-block-media-text__content\">\n<div style=\"height:26px\" aria-hidden=\"true\" class=\"wp-block-spacer\"><\/div>\n\n\n\n<h2 class=\"wp-block-heading has-text-align-center ticss-6da7d099 has-luminous-vivid-orange-color has-text-color has-link-color wp-elements-512bc8115cf41bb7812704ce0a14b9d7\">Peintures int\u00e9rieures et ext\u00e9rieures<\/h2>\n\n\n\n<div style=\"height:40px\" aria-hidden=\"true\" class=\"wp-block-spacer\"><\/div>\n\n\n\n<p style=\"font-size:16px\"> Que ce soit pour rafra\u00eechir l&rsquo;aspect de vos murs, cr\u00e9er des accents artistiques ou donner une nouvelle vie \u00e0 la fa\u00e7ade de votre b\u00e2timent, notre \u00e9quipe de peintres exp\u00e9riment\u00e9s apporte expertise et cr\u00e9ativit\u00e9 \u00e0 chaque projet. Nous utilisons des peintures de premi\u00e8re qualit\u00e9, assurant une finition durable et esth\u00e9tiquement plaisante. Que vous ayez des pr\u00e9f\u00e9rences classiques ou contemporaines, nous collaborons \u00e9troitement avec vous pour s\u00e9lectionner les couleurs et les finitions qui refl\u00e8tent votre style unique. Avec notre engagement envers l&rsquo;excellence, nous sommes pr\u00eats \u00e0 donner une nouvelle dimension visuelle \u00e0 vos espaces, ajoutant une touche de fra\u00eecheur et de style \u00e0 chaque coup de pinceau.<\/p>\n<\/div><figure class=\"wp-block-media-text__media\"><img loading=\"lazy\" decoding=\"async\" width=\"1024\" height=\"684\" src=\"https:\/\/opalinesrenov.fr\/wp-content\/uploads\/2024\/02\/WhatsApp-Image-2024-02-19-a-14.33.41_c20e4b4c-1-1024x684.jpg\" alt=\"\" class=\"wp-image-140 size-full\" srcset=\"https:\/\/opalinesrenov.fr\/wp-content\/uploads\/2024\/02\/WhatsApp-Image-2024-02-19-a-14.33.41_c20e4b4c-1-1024x684.jpg 1024w, https:\/\/opalinesrenov.fr\/wp-content\/uploads\/2024\/02\/WhatsApp-Image-2024-02-19-a-14.33.41_c20e4b4c-1-300x200.jpg 300w, https:\/\/opalinesrenov.fr\/wp-content\/uploads\/2024\/02\/WhatsApp-Image-2024-02-19-a-14.33.41_c20e4b4c-1-768x513.jpg 768w, https:\/\/opalinesrenov.fr\/wp-content\/uploads\/2024\/02\/WhatsApp-Image-2024-02-19-a-14.33.41_c20e4b4c-1-200x134.jpg 200w, https:\/\/opalinesrenov.fr\/wp-content\/uploads\/2024\/02\/WhatsApp-Image-2024-02-19-a-14.33.41_c20e4b4c-1.jpg 1080w\" sizes=\"auto, (max-width: 1024px) 100vw, 1024px\" \/><\/figure><\/div>\n\n\n\n<div style=\"height:100px\" aria-hidden=\"true\" class=\"wp-block-spacer\"><\/div>\n\n\n\n<div class=\"wp-block-columns is-layout-flex wp-container-core-columns-is-layout-9d6595d7 wp-block-columns-is-layout-flex\">\n<div class=\"wp-block-column is-layout-flow wp-block-column-is-layout-flow\">\n<div class=\"wp-block-columns is-layout-flex wp-container-core-columns-is-layout-9d6595d7 wp-block-columns-is-layout-flex\">\n<div class=\"wp-block-column is-layout-flow wp-block-column-is-layout-flow\"><\/div>\n\n\n\n<div class=\"wp-block-column is-layout-flow wp-block-column-is-layout-flow\"><\/div>\n<\/div>\n\n\n\n<h2 class=\"wp-block-heading has-text-align-center ticss-1b479090\" style=\"font-size:30px\"><strong>INFORMATIONS &amp; CONTACTS <\/strong><\/h2>\n\n\n\n<hr class=\"wp-block-separator has-alpha-channel-opacity animated zoomIn fast ticss-cd8f2c67\"\/>\n\n\n\n<div class=\"wp-block-group\"><div class=\"wp-block-group__inner-container is-layout-constrained wp-block-group-is-layout-constrained\">\n<div class=\"wp-block-columns is-layout-flex wp-container-core-columns-is-layout-9d6595d7 wp-block-columns-is-layout-flex\">\n<div class=\"wp-block-column is-layout-flow wp-block-column-is-layout-flow\">\n<div style=\"height:56px\" aria-hidden=\"true\" class=\"wp-block-spacer\"><\/div>\n\n\n\n<h2 class=\"wp-block-heading\">Vous envisagez de moderniser votre domicile ?<\/h2>\n\n\n\n<div style=\"height:56px\" aria-hidden=\"true\" class=\"wp-block-spacer\"><\/div>\n\n\n\n<h3 class=\"wp-block-heading\">Prenez contact avec nous en utilisant ce formulaire<\/h3>\n\n\n\n<div style=\"height:33px\" aria-hidden=\"true\" class=\"wp-block-spacer\"><\/div>\n\n\n\n<h3 class=\"wp-block-heading\">ou T\u00e9l\u00e9phonez-nous directement<br><a href=\"tel:%C2%A00629677767\" target=\"_blank\" rel=\"noreferrer noopener\">06 29 67 77 67<\/a><\/h3>\n<\/div>\n\n\n\n<div class=\"wp-block-column is-layout-flow wp-block-column-is-layout-flow\"><div class=\"wpforms-container wpforms-container-full wpforms-block wpforms-block-f4a2d29c-7a49-4ed3-8ca3-98298bc0e7d0 wpforms-render-modern\" id=\"wpforms-264\"><form id=\"wpforms-form-264\" class=\"wpforms-validate wpforms-form wpforms-ajax-form\" data-formid=\"264\" method=\"post\" enctype=\"multipart\/form-data\" action=\"\/index.php\/wp-json\/wp\/v2\/pages\/808\" data-token=\"b8240f8535286c225385c1e28361e1ac\" data-token-time=\"1775736450\"><noscript class=\"wpforms-error-noscript\">Veuillez activer JavaScript dans votre navigateur pour remplir ce formulaire.<\/noscript><div class=\"wpforms-hidden\" id=\"wpforms-error-noscript\">Veuillez activer JavaScript dans votre navigateur pour remplir ce formulaire.<\/div><div class=\"wpforms-field-container\"><div id=\"wpforms-264-field_0-container\" class=\"wpforms-field wpforms-field-name\" data-field-id=\"0\"><fieldset><legend class=\"wpforms-field-label\">Nom <span class=\"wpforms-required-label\" aria-hidden=\"true\">*<\/span><\/legend><div class=\"wpforms-field-row wpforms-field-medium\"><div class=\"wpforms-field-row-block wpforms-first wpforms-one-half\"><input type=\"text\" id=\"wpforms-264-field_0\" class=\"wpforms-field-name-first wpforms-field-required\" name=\"wpforms[fields][0][first]\" placeholder=\"Nom\" aria-errormessage=\"wpforms-264-field_0-error\" required><label for=\"wpforms-264-field_0\" class=\"wpforms-field-sublabel after wpforms-sublabel-hide\">Pr\u00e9nom<\/label><\/div><div class=\"wpforms-field-row-block wpforms-one-half\"><input type=\"text\" id=\"wpforms-264-field_0-last\" class=\"wpforms-field-name-last wpforms-field-required\" name=\"wpforms[fields][0][last]\" placeholder=\"Pr\u00e9nom\" aria-errormessage=\"wpforms-264-field_0-last-error\" required><label for=\"wpforms-264-field_0-last\" class=\"wpforms-field-sublabel after wpforms-sublabel-hide\">Nom<\/label><\/div><\/div><\/fieldset><\/div><div id=\"wpforms-264-field_1-container\" class=\"wpforms-field wpforms-field-email\" data-field-id=\"1\"><label class=\"wpforms-field-label\" for=\"wpforms-264-field_1\">Email <span class=\"wpforms-required-label\" aria-hidden=\"true\">*<\/span><\/label><input type=\"email\" id=\"wpforms-264-field_1\" class=\"wpforms-field-medium wpforms-field-required\" name=\"wpforms[fields][1]\" spellcheck=\"false\" aria-errormessage=\"wpforms-264-field_1-error\" required><\/div><div id=\"wpforms-264-field_4-container\" class=\"wpforms-field wpforms-field-text\" data-field-id=\"4\"><label class=\"wpforms-field-label\" for=\"wpforms-264-field_4\">Num\u00e9ro de t\u00e9l\u00e9phone <span class=\"wpforms-required-label\" aria-hidden=\"true\">*<\/span><\/label><input type=\"text\" id=\"wpforms-264-field_4\" class=\"wpforms-field-medium wpforms-field-required\" name=\"wpforms[fields][4]\" aria-errormessage=\"wpforms-264-field_4-error\" required><\/div><div id=\"wpforms-264-field_2-container\" class=\"wpforms-field wpforms-field-textarea\" data-field-id=\"2\"><label class=\"wpforms-field-label\" for=\"wpforms-264-field_2\">Expliquez bri\u00e8vement votre projet <span class=\"wpforms-required-label\" aria-hidden=\"true\">*<\/span><\/label><textarea id=\"wpforms-264-field_2\" class=\"wpforms-field-medium wpforms-field-required\" name=\"wpforms[fields][2]\" aria-errormessage=\"wpforms-264-field_2-error\" required><\/textarea><\/div><\/div><!-- .wpforms-field-container --><div class=\"wpforms-submit-container\" ><input type=\"hidden\" name=\"wpforms[id]\" value=\"264\"><input type=\"hidden\" name=\"page_title\" value=\"\"><input type=\"hidden\" name=\"page_url\" value=\"https:\/\/opalinesrenov.fr\/index.php\/wp-json\/wp\/v2\/pages\/808\"><input type=\"hidden\" name=\"url_referer\" value=\"\"><button type=\"submit\" name=\"wpforms[submit]\" id=\"wpforms-submit-264\" class=\"wpforms-submit\" data-alt-text=\"Envoi en cours\" data-submit-text=\"Envoyer\" aria-live=\"assertive\" value=\"wpforms-submit\">Envoyer<\/button><img loading=\"lazy\" decoding=\"async\" src=\"https:\/\/opalinesrenov.fr\/wp-content\/plugins\/wpforms-lite\/assets\/images\/submit-spin.svg\" class=\"wpforms-submit-spinner\" style=\"display: none;\" width=\"26\" height=\"26\" alt=\"Chargement en cours\"><\/div><\/form><\/div>  <!-- .wpforms-container --><\/div>\n<\/div>\n<\/div><\/div>\n<\/div>\n<\/div>\n\n\n\n<div class=\"wp-block-columns Formetc is-layout-flex wp-container-core-columns-is-layout-9d6595d7 wp-block-columns-is-layout-flex\">\n<div class=\"wp-block-column ticss-4114c65a animated bounceInLeft has-black-color has-text-color has-background has-link-color wp-elements-a014fb9826011cbe086be821ebf71db0 is-layout-flow wp-block-column-is-layout-flow\" style=\"background-color:#e6e6e600\"><div class=\"wp-block-image imageMaison\">\n<figure class=\"aligncenter size-full is-resized\"><img loading=\"lazy\" decoding=\"async\" width=\"609\" height=\"318\" src=\"https:\/\/opalinesrenov.fr\/wp-content\/uploads\/2024\/02\/Logo-et-slogan-transparent-1.png\" alt=\"\" class=\"wp-image-1206\" style=\"width:277px;height:auto\" srcset=\"https:\/\/opalinesrenov.fr\/wp-content\/uploads\/2024\/02\/Logo-et-slogan-transparent-1.png 609w, https:\/\/opalinesrenov.fr\/wp-content\/uploads\/2024\/02\/Logo-et-slogan-transparent-1-300x157.png 300w, https:\/\/opalinesrenov.fr\/wp-content\/uploads\/2024\/02\/Logo-et-slogan-transparent-1-200x104.png 200w\" sizes=\"auto, (max-width: 609px) 100vw, 609px\" \/><\/figure>\n<\/div>\n\n\n<div style=\"height:51px\" aria-hidden=\"true\" class=\"wp-block-spacer\"><\/div>\n\n\n\n<div class=\"wp-block-columns is-layout-flex wp-container-core-columns-is-layout-9d6595d7 wp-block-columns-is-layout-flex\">\n<div class=\"wp-block-column is-vertically-aligned-bottom is-layout-flow wp-block-column-is-layout-flow\" style=\"flex-basis:40%\"><div class=\"wp-block-image ticss-3efa3e3f\">\n<figure class=\"aligncenter is-resized\"><img decoding=\"async\" src=\"https:\/\/opalinesinformatique.fr\/wp-content\/uploads\/2024\/02\/tag-1873545_640-2.png\" alt=\"\" class=\"wp-image-533\" style=\"width:48px\"\/><\/figure>\n<\/div><\/div>\n\n\n\n<div class=\"wp-block-column is-vertically-aligned-center is-layout-flow wp-block-column-is-layout-flow\" style=\"font-size:20px;flex-basis:85%\">\n<p class=\"has-text-align-left ticss-f9276ae9\" style=\"font-size:20px\"><a href=\"https:\/\/maps.app.goo.gl\/M2Yg3wnoPypJVHi9A\" data-type=\"link\" data-id=\"https:\/\/maps.app.goo.gl\/M2Yg3wnoPypJVHi9A\">29 rue Edmond H\u00e9douin 62200 BOULOGNE-SUR-MER<\/a><\/p>\n<\/div>\n<\/div>\n\n\n\n<div style=\"height:25px\" aria-hidden=\"true\" class=\"wp-block-spacer\"><\/div>\n\n\n\n<div class=\"wp-block-columns is-layout-flex wp-container-core-columns-is-layout-9d6595d7 wp-block-columns-is-layout-flex\">\n<div class=\"wp-block-column is-vertically-aligned-bottom is-layout-flow wp-block-column-is-layout-flow\" style=\"flex-basis:40%\"><div class=\"wp-block-image ticss-8f8a4079\">\n<figure class=\"aligncenter is-resized\"><img decoding=\"async\" src=\"https:\/\/opalinesinformatique.fr\/wp-content\/uploads\/2024\/02\/icon-157358_1280-copie-1.png\" alt=\"\" class=\"wp-image-546\" style=\"width:50px\"\/><\/figure>\n<\/div><\/div>\n\n\n\n<div class=\"wp-block-column is-vertically-aligned-center is-layout-flow wp-block-column-is-layout-flow\" style=\"font-size:20px;flex-basis:85%\">\n<p class=\"has-text-align-left ticss-16f3671a\" style=\"font-size:20px\"><a href=\"tel:\u00a00629677767\"><a href=\"tel:%C2%A00629677767\" target=\"_blank\" rel=\"noreferrer noopener\">06 29 67 77 67<\/a><\/a><\/p>\n<\/div>\n<\/div>\n\n\n\n<div style=\"height:25px\" aria-hidden=\"true\" class=\"wp-block-spacer\"><\/div>\n\n\n\n<div class=\"wp-block-columns is-layout-flex wp-container-core-columns-is-layout-9d6595d7 wp-block-columns-is-layout-flex\">\n<div class=\"wp-block-column is-vertically-aligned-bottom is-layout-flow wp-block-column-is-layout-flow\" style=\"flex-basis:40%\"><div class=\"wp-block-image ticss-3cadec02\">\n<figure class=\"aligncenter size-thumbnail is-resized\"><img decoding=\"async\" src=\"https:\/\/opalinesinformatique.fr\/wp-content\/uploads\/2024\/02\/flat-2442462_640-1-150x150.png\" alt=\"\" class=\"wp-image-535\" style=\"width:50px\"\/><\/figure>\n<\/div><\/div>\n\n\n\n<div class=\"wp-block-column is-vertically-aligned-center is-layout-flow wp-block-column-is-layout-flow\" style=\"font-size:20px;flex-basis:85%\">\n<p class=\"has-text-align-left ticss-e01328b8\" style=\"font-size:20px\">Lundi au Vendredi de 8h \u00e0 18h30<\/p>\n<\/div>\n<\/div>\n\n\n\n<div style=\"height:27px\" aria-hidden=\"true\" class=\"wp-block-spacer\"><\/div>\n\n\n\n<div class=\"wp-block-columns is-layout-flex wp-container-core-columns-is-layout-9d6595d7 wp-block-columns-is-layout-flex\">\n<div class=\"wp-block-column is-vertically-aligned-bottom is-layout-flow wp-block-column-is-layout-flow\" style=\"flex-basis:40%\"><div class=\"wp-block-image ticss-4c918492\">\n<figure class=\"aligncenter is-resized\"><img decoding=\"async\" src=\"https:\/\/opalinesinformatique.fr\/wp-content\/uploads\/2024\/02\/icon-364244_1280-copie.png\" alt=\"\" class=\"wp-image-536\" style=\"width:50px\"\/><\/figure>\n<\/div><\/div>\n\n\n\n<div class=\"wp-block-column is-vertically-aligned-center is-layout-flow wp-block-column-is-layout-flow\" style=\"font-size:20px;flex-basis:85%\">\n<p class=\"has-text-align-left ticss-2bf35748\" style=\"font-size:20px\"><a href=\"mailto:contact@opalinesrenov.fr\">contact@opalinesrenov.fr<\/a><\/p>\n<\/div>\n<\/div>\n<\/div>\n<\/div>\n","protected":false},"excerpt":{"rendered":"<p>Nos services de peinture &amp; d\u00e9coration INFORMATIONS &amp; CONTACTS Vous envisagez de moderniser votre domicile ? Prenez contact avec nous en utilisant ce formulaire ou T\u00e9l\u00e9phonez-nous directement06 29 67 77 67 29 rue Edmond H\u00e9douin 62200 BOULOGNE-SUR-MER 06 29 67 77 67 Lundi au Vendredi de 8h \u00e0 18h30 contact@opalinesrenov.fr<\/p>\n","protected":false},"author":4,"featured_media":0,"parent":0,"menu_order":0,"comment_status":"closed","ping_status":"closed","template":"","meta":{"_themeisle_gutenberg_block_has_review":false,"footnotes":""},"class_list":["post-808","page","type-page","status-publish","hentry"],"yoast_head":"<!-- This site is optimized with the Yoast SEO plugin v24.9 - https:\/\/yoast.com\/wordpress\/plugins\/seo\/ -->\n<title>Peinture &amp; D\u00e9co - OPALINES RENOV<\/title>\n<meta name=\"description\" content=\"Avec Opalines Renov rouvez l&#039;inspiration pour votre d\u00e9coration int\u00e9rieure avec notre s\u00e9lection de peintures et d\u00e9corations.\" \/>\n<meta name=\"robots\" content=\"index, follow, max-snippet:-1, max-image-preview:large, max-video-preview:-1\" \/>\n<link rel=\"canonical\" href=\"https:\/\/opalinesrenov.fr\/index.php\/decoration\/\" \/>\n<meta property=\"og:locale\" content=\"fr_FR\" \/>\n<meta property=\"og:type\" content=\"article\" \/>\n<meta property=\"og:title\" content=\"Peinture &amp; D\u00e9co - OPALINES RENOV\" \/>\n<meta property=\"og:description\" content=\"Avec Opalines Renov rouvez l&#039;inspiration pour votre d\u00e9coration int\u00e9rieure avec notre s\u00e9lection de peintures et d\u00e9corations.\" \/>\n<meta property=\"og:url\" content=\"https:\/\/opalinesrenov.fr\/index.php\/decoration\/\" \/>\n<meta property=\"og:site_name\" content=\"OPALINES RENOV\" \/>\n<meta property=\"article:modified_time\" content=\"2024-03-02T17:49:09+00:00\" \/>\n<meta property=\"og:image\" content=\"https:\/\/opalinesrenov.fr\/wp-content\/uploads\/2024\/02\/interior-2591355_1280-1-1024x682.jpg\" \/>\n<meta name=\"twitter:card\" content=\"summary_large_image\" \/>\n<meta name=\"twitter:label1\" content=\"Dur\u00e9e de lecture estim\u00e9e\" \/>\n\t<meta name=\"twitter:data1\" content=\"3 minutes\" \/>\n<script type=\"application\/ld+json\" class=\"yoast-schema-graph\">{\"@context\":\"https:\/\/schema.org\",\"@graph\":[{\"@type\":\"WebPage\",\"@id\":\"https:\/\/opalinesrenov.fr\/index.php\/decoration\/\",\"url\":\"https:\/\/opalinesrenov.fr\/index.php\/decoration\/\",\"name\":\"Peinture & D\u00e9co - OPALINES RENOV\",\"isPartOf\":{\"@id\":\"https:\/\/opalinesrenov.fr\/#website\"},\"primaryImageOfPage\":{\"@id\":\"https:\/\/opalinesrenov.fr\/index.php\/decoration\/#primaryimage\"},\"image\":{\"@id\":\"https:\/\/opalinesrenov.fr\/index.php\/decoration\/#primaryimage\"},\"thumbnailUrl\":\"https:\/\/opalinesrenov.fr\/wp-content\/uploads\/2024\/02\/interior-2591355_1280-1-1024x682.jpg\",\"datePublished\":\"2024-02-20T16:30:41+00:00\",\"dateModified\":\"2024-03-02T17:49:09+00:00\",\"description\":\"Avec Opalines Renov rouvez l'inspiration pour votre d\u00e9coration int\u00e9rieure avec notre s\u00e9lection de peintures et d\u00e9corations.\",\"breadcrumb\":{\"@id\":\"https:\/\/opalinesrenov.fr\/index.php\/decoration\/#breadcrumb\"},\"inLanguage\":\"fr-FR\",\"potentialAction\":[{\"@type\":\"ReadAction\",\"target\":[\"https:\/\/opalinesrenov.fr\/index.php\/decoration\/\"]}]},{\"@type\":\"ImageObject\",\"inLanguage\":\"fr-FR\",\"@id\":\"https:\/\/opalinesrenov.fr\/index.php\/decoration\/#primaryimage\",\"url\":\"https:\/\/opalinesrenov.fr\/wp-content\/uploads\/2024\/02\/interior-2591355_1280-1.jpg\",\"contentUrl\":\"https:\/\/opalinesrenov.fr\/wp-content\/uploads\/2024\/02\/interior-2591355_1280-1.jpg\",\"width\":1280,\"height\":853},{\"@type\":\"BreadcrumbList\",\"@id\":\"https:\/\/opalinesrenov.fr\/index.php\/decoration\/#breadcrumb\",\"itemListElement\":[{\"@type\":\"ListItem\",\"position\":1,\"name\":\"Accueil\",\"item\":\"https:\/\/opalinesrenov.fr\/\"},{\"@type\":\"ListItem\",\"position\":2,\"name\":\"Peinture &#038; D\u00e9co\"}]},{\"@type\":\"WebSite\",\"@id\":\"https:\/\/opalinesrenov.fr\/#website\",\"url\":\"https:\/\/opalinesrenov.fr\/\",\"name\":\"OPALINES RENOV\",\"description\":\"OPALINES RENOV , R\u00e9novation et Peinture sur Boulogne-Sur-Mer\",\"publisher\":{\"@id\":\"https:\/\/opalinesrenov.fr\/#organization\"},\"potentialAction\":[{\"@type\":\"SearchAction\",\"target\":{\"@type\":\"EntryPoint\",\"urlTemplate\":\"https:\/\/opalinesrenov.fr\/?s={search_term_string}\"},\"query-input\":{\"@type\":\"PropertyValueSpecification\",\"valueRequired\":true,\"valueName\":\"search_term_string\"}}],\"inLanguage\":\"fr-FR\"},{\"@type\":\"Organization\",\"@id\":\"https:\/\/opalinesrenov.fr\/#organization\",\"name\":\"OPALINES RENOV\",\"url\":\"https:\/\/opalinesrenov.fr\/\",\"logo\":{\"@type\":\"ImageObject\",\"inLanguage\":\"fr-FR\",\"@id\":\"https:\/\/opalinesrenov.fr\/#\/schema\/logo\/image\/\",\"url\":\"https:\/\/opalinesrenov.fr\/wp-content\/uploads\/2024\/02\/Logo-et-slogan-transparent-copie-1.png\",\"contentUrl\":\"https:\/\/opalinesrenov.fr\/wp-content\/uploads\/2024\/02\/Logo-et-slogan-transparent-copie-1.png\",\"width\":1218,\"height\":636,\"caption\":\"OPALINES RENOV\"},\"image\":{\"@id\":\"https:\/\/opalinesrenov.fr\/#\/schema\/logo\/image\/\"}}]}<\/script>\n<!-- \/ Yoast SEO plugin. -->","yoast_head_json":{"title":"Peinture & D\u00e9co - OPALINES RENOV","description":"Avec Opalines Renov rouvez l'inspiration pour votre d\u00e9coration int\u00e9rieure avec notre s\u00e9lection de peintures et d\u00e9corations.","robots":{"index":"index","follow":"follow","max-snippet":"max-snippet:-1","max-image-preview":"max-image-preview:large","max-video-preview":"max-video-preview:-1"},"canonical":"https:\/\/opalinesrenov.fr\/index.php\/decoration\/","og_locale":"fr_FR","og_type":"article","og_title":"Peinture & D\u00e9co - OPALINES RENOV","og_description":"Avec Opalines Renov rouvez l'inspiration pour votre d\u00e9coration int\u00e9rieure avec notre s\u00e9lection de peintures et d\u00e9corations.","og_url":"https:\/\/opalinesrenov.fr\/index.php\/decoration\/","og_site_name":"OPALINES RENOV","article_modified_time":"2024-03-02T17:49:09+00:00","og_image":[{"url":"https:\/\/opalinesrenov.fr\/wp-content\/uploads\/2024\/02\/interior-2591355_1280-1-1024x682.jpg","type":"","width":"","height":""}],"twitter_card":"summary_large_image","twitter_misc":{"Dur\u00e9e de lecture estim\u00e9e":"3 minutes"},"schema":{"@context":"https:\/\/schema.org","@graph":[{"@type":"WebPage","@id":"https:\/\/opalinesrenov.fr\/index.php\/decoration\/","url":"https:\/\/opalinesrenov.fr\/index.php\/decoration\/","name":"Peinture & D\u00e9co - OPALINES RENOV","isPartOf":{"@id":"https:\/\/opalinesrenov.fr\/#website"},"primaryImageOfPage":{"@id":"https:\/\/opalinesrenov.fr\/index.php\/decoration\/#primaryimage"},"image":{"@id":"https:\/\/opalinesrenov.fr\/index.php\/decoration\/#primaryimage"},"thumbnailUrl":"https:\/\/opalinesrenov.fr\/wp-content\/uploads\/2024\/02\/interior-2591355_1280-1-1024x682.jpg","datePublished":"2024-02-20T16:30:41+00:00","dateModified":"2024-03-02T17:49:09+00:00","description":"Avec Opalines Renov rouvez l'inspiration pour votre d\u00e9coration int\u00e9rieure avec notre s\u00e9lection de peintures et d\u00e9corations.","breadcrumb":{"@id":"https:\/\/opalinesrenov.fr\/index.php\/decoration\/#breadcrumb"},"inLanguage":"fr-FR","potentialAction":[{"@type":"ReadAction","target":["https:\/\/opalinesrenov.fr\/index.php\/decoration\/"]}]},{"@type":"ImageObject","inLanguage":"fr-FR","@id":"https:\/\/opalinesrenov.fr\/index.php\/decoration\/#primaryimage","url":"https:\/\/opalinesrenov.fr\/wp-content\/uploads\/2024\/02\/interior-2591355_1280-1.jpg","contentUrl":"https:\/\/opalinesrenov.fr\/wp-content\/uploads\/2024\/02\/interior-2591355_1280-1.jpg","width":1280,"height":853},{"@type":"BreadcrumbList","@id":"https:\/\/opalinesrenov.fr\/index.php\/decoration\/#breadcrumb","itemListElement":[{"@type":"ListItem","position":1,"name":"Accueil","item":"https:\/\/opalinesrenov.fr\/"},{"@type":"ListItem","position":2,"name":"Peinture &#038; D\u00e9co"}]},{"@type":"WebSite","@id":"https:\/\/opalinesrenov.fr\/#website","url":"https:\/\/opalinesrenov.fr\/","name":"OPALINES RENOV","description":"OPALINES RENOV , R\u00e9novation et Peinture sur Boulogne-Sur-Mer","publisher":{"@id":"https:\/\/opalinesrenov.fr\/#organization"},"potentialAction":[{"@type":"SearchAction","target":{"@type":"EntryPoint","urlTemplate":"https:\/\/opalinesrenov.fr\/?s={search_term_string}"},"query-input":{"@type":"PropertyValueSpecification","valueRequired":true,"valueName":"search_term_string"}}],"inLanguage":"fr-FR"},{"@type":"Organization","@id":"https:\/\/opalinesrenov.fr\/#organization","name":"OPALINES RENOV","url":"https:\/\/opalinesrenov.fr\/","logo":{"@type":"ImageObject","inLanguage":"fr-FR","@id":"https:\/\/opalinesrenov.fr\/#\/schema\/logo\/image\/","url":"https:\/\/opalinesrenov.fr\/wp-content\/uploads\/2024\/02\/Logo-et-slogan-transparent-copie-1.png","contentUrl":"https:\/\/opalinesrenov.fr\/wp-content\/uploads\/2024\/02\/Logo-et-slogan-transparent-copie-1.png","width":1218,"height":636,"caption":"OPALINES RENOV"},"image":{"@id":"https:\/\/opalinesrenov.fr\/#\/schema\/logo\/image\/"}}]}},"_links":{"self":[{"href":"https:\/\/opalinesrenov.fr\/index.php\/wp-json\/wp\/v2\/pages\/808","targetHints":{"allow":["GET"]}}],"collection":[{"href":"https:\/\/opalinesrenov.fr\/index.php\/wp-json\/wp\/v2\/pages"}],"about":[{"href":"https:\/\/opalinesrenov.fr\/index.php\/wp-json\/wp\/v2\/types\/page"}],"author":[{"embeddable":true,"href":"https:\/\/opalinesrenov.fr\/index.php\/wp-json\/wp\/v2\/users\/4"}],"replies":[{"embeddable":true,"href":"https:\/\/opalinesrenov.fr\/index.php\/wp-json\/wp\/v2\/comments?post=808"}],"version-history":[{"count":25,"href":"https:\/\/opalinesrenov.fr\/index.php\/wp-json\/wp\/v2\/pages\/808\/revisions"}],"predecessor-version":[{"id":1793,"href":"https:\/\/opalinesrenov.fr\/index.php\/wp-json\/wp\/v2\/pages\/808\/revisions\/1793"}],"wp:attachment":[{"href":"https:\/\/opalinesrenov.fr\/index.php\/wp-json\/wp\/v2\/media?parent=808"}],"curies":[{"name":"wp","href":"https:\/\/api.w.org\/{rel}","templated":true}]}}