{"id":172,"date":"2024-02-19T15:57:38","date_gmt":"2024-02-19T14:57:38","guid":{"rendered":"https:\/\/opalinesrenov.fr\/?page_id=172"},"modified":"2024-03-03T12:23:56","modified_gmt":"2024-03-03T11:23:56","slug":"contact","status":"publish","type":"page","link":"https:\/\/opalinesrenov.fr\/index.php\/contact\/","title":{"rendered":"Contact"},"content":{"rendered":"\n<div style=\"height:100px\" aria-hidden=\"true\" class=\"wp-block-spacer\"><\/div>\n\n\n\n<p><\/p>\n\n\n\n<h2 class=\"wp-block-heading has-text-align-center ticss-0db75977\">INFORMATION &amp; CONTACTS<\/h2>\n\n\n\n<hr class=\"wp-block-separator has-alpha-channel-opacity animated zoomIn fast ticss-2c586b4e\"\/>\n\n\n\n<p><\/p>\n\n\n\n<div class=\"wp-block-columns is-layout-flex wp-container-core-columns-is-layout-9d6595d7 wp-block-columns-is-layout-flex\">\n<div class=\"wp-block-column is-layout-flow wp-block-column-is-layout-flow\">\n<div style=\"height:56px\" aria-hidden=\"true\" class=\"wp-block-spacer\"><\/div>\n\n\n\n<h2 class=\"wp-block-heading\">Vous envisagez de moderniser votre domicile ?<\/h2>\n\n\n\n<div style=\"height:56px\" aria-hidden=\"true\" class=\"wp-block-spacer\"><\/div>\n\n\n\n<h3 class=\"wp-block-heading\">Prenez contact avec nous en utilisant ce formulaire<\/h3>\n\n\n\n<div style=\"height:33px\" aria-hidden=\"true\" class=\"wp-block-spacer\"><\/div>\n\n\n\n<h3 class=\"wp-block-heading o-typing-fast ticss-7b510c90\">ou T\u00e9l\u00e9phonez-nous directement<br><a href=\"tel:%C2%A00629677767\" target=\"_blank\" rel=\"noreferrer noopener\">06 29 67 77 67<\/a><\/h3>\n<\/div>\n\n\n\n<div class=\"wp-block-column is-layout-flow wp-block-column-is-layout-flow\"><div class=\"wpforms-container wpforms-container-full wpforms-block wpforms-block-f4a2d29c-7a49-4ed3-8ca3-98298bc0e7d0 wpforms-render-modern\" id=\"wpforms-264\"><form id=\"wpforms-form-264\" class=\"wpforms-validate wpforms-form wpforms-ajax-form\" data-formid=\"264\" method=\"post\" enctype=\"multipart\/form-data\" action=\"\/index.php\/wp-json\/wp\/v2\/pages\/172\" data-token=\"b8240f8535286c225385c1e28361e1ac\" data-token-time=\"1775736512\"><noscript class=\"wpforms-error-noscript\">Veuillez activer JavaScript dans votre navigateur pour remplir ce formulaire.<\/noscript><div class=\"wpforms-hidden\" id=\"wpforms-error-noscript\">Veuillez activer JavaScript dans votre navigateur pour remplir ce formulaire.<\/div><div class=\"wpforms-field-container\"><div id=\"wpforms-264-field_0-container\" class=\"wpforms-field wpforms-field-name\" data-field-id=\"0\"><fieldset><legend class=\"wpforms-field-label\">Nom <span class=\"wpforms-required-label\" aria-hidden=\"true\">*<\/span><\/legend><div class=\"wpforms-field-row wpforms-field-medium\"><div class=\"wpforms-field-row-block wpforms-first wpforms-one-half\"><input type=\"text\" id=\"wpforms-264-field_0\" class=\"wpforms-field-name-first wpforms-field-required\" name=\"wpforms[fields][0][first]\" placeholder=\"Nom\" aria-errormessage=\"wpforms-264-field_0-error\" required><label for=\"wpforms-264-field_0\" class=\"wpforms-field-sublabel after wpforms-sublabel-hide\">Pr\u00e9nom<\/label><\/div><div class=\"wpforms-field-row-block wpforms-one-half\"><input type=\"text\" id=\"wpforms-264-field_0-last\" class=\"wpforms-field-name-last wpforms-field-required\" name=\"wpforms[fields][0][last]\" placeholder=\"Pr\u00e9nom\" aria-errormessage=\"wpforms-264-field_0-last-error\" required><label for=\"wpforms-264-field_0-last\" class=\"wpforms-field-sublabel after wpforms-sublabel-hide\">Nom<\/label><\/div><\/div><\/fieldset><\/div><div id=\"wpforms-264-field_1-container\" class=\"wpforms-field wpforms-field-email\" data-field-id=\"1\"><label class=\"wpforms-field-label\" for=\"wpforms-264-field_1\">Email <span class=\"wpforms-required-label\" aria-hidden=\"true\">*<\/span><\/label><input type=\"email\" id=\"wpforms-264-field_1\" class=\"wpforms-field-medium wpforms-field-required\" name=\"wpforms[fields][1]\" spellcheck=\"false\" aria-errormessage=\"wpforms-264-field_1-error\" required><\/div><div id=\"wpforms-264-field_4-container\" class=\"wpforms-field wpforms-field-text\" data-field-id=\"4\"><label class=\"wpforms-field-label\" for=\"wpforms-264-field_4\">Num\u00e9ro de t\u00e9l\u00e9phone <span class=\"wpforms-required-label\" aria-hidden=\"true\">*<\/span><\/label><input type=\"text\" id=\"wpforms-264-field_4\" class=\"wpforms-field-medium wpforms-field-required\" name=\"wpforms[fields][4]\" aria-errormessage=\"wpforms-264-field_4-error\" required><\/div><div id=\"wpforms-264-field_2-container\" class=\"wpforms-field wpforms-field-textarea\" data-field-id=\"2\"><label class=\"wpforms-field-label\" for=\"wpforms-264-field_2\">Expliquez bri\u00e8vement votre projet <span class=\"wpforms-required-label\" aria-hidden=\"true\">*<\/span><\/label><textarea id=\"wpforms-264-field_2\" class=\"wpforms-field-medium wpforms-field-required\" name=\"wpforms[fields][2]\" aria-errormessage=\"wpforms-264-field_2-error\" required><\/textarea><\/div><\/div><!-- .wpforms-field-container --><div class=\"wpforms-submit-container\" ><input type=\"hidden\" name=\"wpforms[id]\" value=\"264\"><input type=\"hidden\" name=\"page_title\" value=\"\"><input type=\"hidden\" name=\"page_url\" value=\"https:\/\/opalinesrenov.fr\/index.php\/wp-json\/wp\/v2\/pages\/172\"><input type=\"hidden\" name=\"url_referer\" value=\"\"><button type=\"submit\" name=\"wpforms[submit]\" id=\"wpforms-submit-264\" class=\"wpforms-submit\" data-alt-text=\"Envoi en cours\" data-submit-text=\"Envoyer\" aria-live=\"assertive\" value=\"wpforms-submit\">Envoyer<\/button><img loading=\"lazy\" decoding=\"async\" src=\"https:\/\/opalinesrenov.fr\/wp-content\/plugins\/wpforms-lite\/assets\/images\/submit-spin.svg\" class=\"wpforms-submit-spinner\" style=\"display: none;\" width=\"26\" height=\"26\" alt=\"Chargement en cours\"><\/div><\/form><\/div>  <!-- .wpforms-container --><\/div>\n<\/div>\n\n\n\n<div class=\"wp-block-columns Formetc is-layout-flex wp-container-core-columns-is-layout-9d6595d7 wp-block-columns-is-layout-flex\">\n<div class=\"wp-block-column ticss-4114c65a animated bounceInLeft has-black-color has-text-color has-background has-link-color wp-elements-d039d9772bbedff5d6f3151b385c75ac is-layout-flow wp-block-column-is-layout-flow\" style=\"background-color:#e6e6e600\"><div class=\"wp-block-image imageMaison\">\n<figure class=\"aligncenter size-full is-resized\"><a href=\"https:\/\/opalinesrenov.fr\/\"><img loading=\"lazy\" decoding=\"async\" width=\"609\" height=\"318\" src=\"https:\/\/opalinesrenov.fr\/wp-content\/uploads\/2024\/02\/Logo-et-slogan-transparent-1.png\" alt=\"Contact\" class=\"wp-image-1206\" style=\"width:277px;height:auto\" srcset=\"https:\/\/opalinesrenov.fr\/wp-content\/uploads\/2024\/02\/Logo-et-slogan-transparent-1.png 609w, https:\/\/opalinesrenov.fr\/wp-content\/uploads\/2024\/02\/Logo-et-slogan-transparent-1-300x157.png 300w, https:\/\/opalinesrenov.fr\/wp-content\/uploads\/2024\/02\/Logo-et-slogan-transparent-1-200x104.png 200w\" sizes=\"auto, (max-width: 609px) 100vw, 609px\" \/><\/a><\/figure>\n<\/div>\n\n\n<div style=\"height:51px\" aria-hidden=\"true\" class=\"wp-block-spacer\"><\/div>\n\n\n\n<div class=\"wp-block-columns is-layout-flex wp-container-core-columns-is-layout-9d6595d7 wp-block-columns-is-layout-flex\">\n<div class=\"wp-block-column is-vertically-aligned-bottom is-layout-flow wp-block-column-is-layout-flow\" style=\"flex-basis:40%\"><div class=\"wp-block-image ticss-3efa3e3f\">\n<figure class=\"aligncenter is-resized\"><img decoding=\"async\" src=\"https:\/\/opalinesinformatique.fr\/wp-content\/uploads\/2024\/02\/tag-1873545_640-2.png\" alt=\"\" class=\"wp-image-533\" style=\"width:48px\"\/><\/figure>\n<\/div><\/div>\n\n\n\n<div class=\"wp-block-column is-vertically-aligned-center is-layout-flow wp-block-column-is-layout-flow\" style=\"font-size:20px;flex-basis:85%\">\n<p class=\"has-text-align-left ticss-f9276ae9\" style=\"font-size:20px\"><a href=\"https:\/\/maps.app.goo.gl\/M2Yg3wnoPypJVHi9A\" data-type=\"link\" data-id=\"https:\/\/maps.app.goo.gl\/M2Yg3wnoPypJVHi9A\">29 rue Edmond H\u00e9douin 62200 BOULOGNE-SUR-MER<\/a><\/p>\n<\/div>\n<\/div>\n\n\n\n<div style=\"height:25px\" aria-hidden=\"true\" class=\"wp-block-spacer\"><\/div>\n\n\n\n<div class=\"wp-block-columns is-layout-flex wp-container-core-columns-is-layout-9d6595d7 wp-block-columns-is-layout-flex\">\n<div class=\"wp-block-column is-vertically-aligned-bottom is-layout-flow wp-block-column-is-layout-flow\" style=\"flex-basis:40%\"><div class=\"wp-block-image ticss-8f8a4079\">\n<figure class=\"aligncenter is-resized\"><img decoding=\"async\" src=\"https:\/\/opalinesinformatique.fr\/wp-content\/uploads\/2024\/02\/icon-157358_1280-copie-1.png\" alt=\"\" class=\"wp-image-546\" style=\"width:50px\"\/><\/figure>\n<\/div><\/div>\n\n\n\n<div class=\"wp-block-column is-vertically-aligned-center is-layout-flow wp-block-column-is-layout-flow\" style=\"font-size:20px;flex-basis:85%\">\n<p class=\"has-text-align-left ticss-16f3671a\" style=\"font-size:20px\"><a href=\"tel:%C2%A00629677767\" target=\"_blank\" rel=\"noreferrer noopener\">06 29 67 77 67<\/a><\/p>\n<\/div>\n<\/div>\n\n\n\n<div style=\"height:25px\" aria-hidden=\"true\" class=\"wp-block-spacer\"><\/div>\n\n\n\n<div class=\"wp-block-columns is-layout-flex wp-container-core-columns-is-layout-9d6595d7 wp-block-columns-is-layout-flex\">\n<div class=\"wp-block-column is-vertically-aligned-bottom is-layout-flow wp-block-column-is-layout-flow\" style=\"flex-basis:40%\"><div class=\"wp-block-image ticss-3cadec02\">\n<figure class=\"aligncenter size-thumbnail is-resized\"><img decoding=\"async\" src=\"https:\/\/opalinesinformatique.fr\/wp-content\/uploads\/2024\/02\/flat-2442462_640-1-150x150.png\" alt=\"\" class=\"wp-image-535\" style=\"width:50px\"\/><\/figure>\n<\/div><\/div>\n\n\n\n<div class=\"wp-block-column is-vertically-aligned-center is-layout-flow wp-block-column-is-layout-flow\" style=\"font-size:20px;flex-basis:85%\">\n<p class=\"has-text-align-left ticss-e01328b8\" style=\"font-size:20px\">Lundi au Vendredi de 8h \u00e0 18h30<\/p>\n<\/div>\n<\/div>\n\n\n\n<div style=\"height:27px\" aria-hidden=\"true\" class=\"wp-block-spacer\"><\/div>\n\n\n\n<div class=\"wp-block-columns is-layout-flex wp-container-core-columns-is-layout-9d6595d7 wp-block-columns-is-layout-flex\">\n<div class=\"wp-block-column is-vertically-aligned-bottom is-layout-flow wp-block-column-is-layout-flow\" style=\"flex-basis:40%\"><div class=\"wp-block-image ticss-4c918492\">\n<figure class=\"aligncenter is-resized\"><img decoding=\"async\" src=\"https:\/\/opalinesinformatique.fr\/wp-content\/uploads\/2024\/02\/icon-364244_1280-copie.png\" alt=\"\" class=\"wp-image-536\" style=\"width:50px\"\/><\/figure>\n<\/div><\/div>\n\n\n\n<div class=\"wp-block-column is-vertically-aligned-center is-layout-flow wp-block-column-is-layout-flow\" style=\"font-size:20px;flex-basis:85%\">\n<p class=\"has-text-align-left ticss-2bf35748\" style=\"font-size:20px\"><a href=\"mailto:contact@opalinesrenov.fr\">contact@opalinesrenov.fr<\/a><\/p>\n<\/div>\n<\/div>\n<\/div>\n<\/div>\n","protected":false},"excerpt":{"rendered":"<p>INFORMATION &amp; CONTACTS Vous envisagez de moderniser votre domicile ? Prenez contact avec nous en utilisant ce formulaire ou T\u00e9l\u00e9phonez-nous directement06 29 67 77 67 29 rue Edmond H\u00e9douin 62200 BOULOGNE-SUR-MER 06 29 67 77 67 Lundi au Vendredi de 8h \u00e0 18h30 contact@opalinesrenov.fr<\/p>\n","protected":false},"author":4,"featured_media":0,"parent":0,"menu_order":0,"comment_status":"closed","ping_status":"closed","template":"","meta":{"_themeisle_gutenberg_block_has_review":false,"footnotes":""},"class_list":["post-172","page","type-page","status-publish","hentry"],"yoast_head":"<!-- This site is optimized with the Yoast SEO plugin v24.9 - https:\/\/yoast.com\/wordpress\/plugins\/seo\/ -->\n<title>Contact - OPALINES RENOV<\/title>\n<meta name=\"description\" content=\"Opalines R\u00e9nov offre des services de r\u00e9novation r\u00e9sidentielle exceptionnels pour transformer vos espaces de vie en v\u00e9ritables joyaux. Contact\" \/>\n<meta name=\"robots\" content=\"index, follow, max-snippet:-1, max-image-preview:large, max-video-preview:-1\" \/>\n<link rel=\"canonical\" href=\"https:\/\/opalinesrenov.fr\/index.php\/contact\/\" \/>\n<meta property=\"og:locale\" content=\"fr_FR\" \/>\n<meta property=\"og:type\" content=\"article\" \/>\n<meta property=\"og:title\" content=\"Contact - OPALINES RENOV\" \/>\n<meta property=\"og:description\" content=\"Opalines R\u00e9nov offre des services de r\u00e9novation r\u00e9sidentielle exceptionnels pour transformer vos espaces de vie en v\u00e9ritables joyaux. Contact\" \/>\n<meta property=\"og:url\" content=\"https:\/\/opalinesrenov.fr\/index.php\/contact\/\" \/>\n<meta property=\"og:site_name\" content=\"OPALINES RENOV\" \/>\n<meta property=\"article:modified_time\" content=\"2024-03-03T11:23:56+00:00\" \/>\n<meta property=\"og:image\" content=\"https:\/\/opalinesrenov.fr\/wp-content\/uploads\/2024\/02\/Logo-et-slogan-transparent-1.png\" \/>\n<meta name=\"twitter:card\" content=\"summary_large_image\" \/>\n<meta name=\"twitter:label1\" content=\"Dur\u00e9e de lecture estim\u00e9e\" \/>\n\t<meta name=\"twitter:data1\" content=\"2 minutes\" \/>\n<script type=\"application\/ld+json\" class=\"yoast-schema-graph\">{\"@context\":\"https:\/\/schema.org\",\"@graph\":[{\"@type\":\"WebPage\",\"@id\":\"https:\/\/opalinesrenov.fr\/index.php\/contact\/\",\"url\":\"https:\/\/opalinesrenov.fr\/index.php\/contact\/\",\"name\":\"Contact - OPALINES RENOV\",\"isPartOf\":{\"@id\":\"https:\/\/opalinesrenov.fr\/#website\"},\"primaryImageOfPage\":{\"@id\":\"https:\/\/opalinesrenov.fr\/index.php\/contact\/#primaryimage\"},\"image\":{\"@id\":\"https:\/\/opalinesrenov.fr\/index.php\/contact\/#primaryimage\"},\"thumbnailUrl\":\"https:\/\/opalinesrenov.fr\/wp-content\/uploads\/2024\/02\/Logo-et-slogan-transparent-1.png\",\"datePublished\":\"2024-02-19T14:57:38+00:00\",\"dateModified\":\"2024-03-03T11:23:56+00:00\",\"description\":\"Opalines R\u00e9nov offre des services de r\u00e9novation r\u00e9sidentielle exceptionnels pour transformer vos espaces de vie en v\u00e9ritables joyaux. Contact\",\"breadcrumb\":{\"@id\":\"https:\/\/opalinesrenov.fr\/index.php\/contact\/#breadcrumb\"},\"inLanguage\":\"fr-FR\",\"potentialAction\":[{\"@type\":\"ReadAction\",\"target\":[\"https:\/\/opalinesrenov.fr\/index.php\/contact\/\"]}]},{\"@type\":\"ImageObject\",\"inLanguage\":\"fr-FR\",\"@id\":\"https:\/\/opalinesrenov.fr\/index.php\/contact\/#primaryimage\",\"url\":\"https:\/\/opalinesrenov.fr\/wp-content\/uploads\/2024\/02\/Logo-et-slogan-transparent-1.png\",\"contentUrl\":\"https:\/\/opalinesrenov.fr\/wp-content\/uploads\/2024\/02\/Logo-et-slogan-transparent-1.png\",\"width\":609,\"height\":318},{\"@type\":\"BreadcrumbList\",\"@id\":\"https:\/\/opalinesrenov.fr\/index.php\/contact\/#breadcrumb\",\"itemListElement\":[{\"@type\":\"ListItem\",\"position\":1,\"name\":\"Accueil\",\"item\":\"https:\/\/opalinesrenov.fr\/\"},{\"@type\":\"ListItem\",\"position\":2,\"name\":\"Contact\"}]},{\"@type\":\"WebSite\",\"@id\":\"https:\/\/opalinesrenov.fr\/#website\",\"url\":\"https:\/\/opalinesrenov.fr\/\",\"name\":\"OPALINES RENOV\",\"description\":\"OPALINES RENOV , R\u00e9novation et Peinture sur Boulogne-Sur-Mer\",\"publisher\":{\"@id\":\"https:\/\/opalinesrenov.fr\/#organization\"},\"potentialAction\":[{\"@type\":\"SearchAction\",\"target\":{\"@type\":\"EntryPoint\",\"urlTemplate\":\"https:\/\/opalinesrenov.fr\/?s={search_term_string}\"},\"query-input\":{\"@type\":\"PropertyValueSpecification\",\"valueRequired\":true,\"valueName\":\"search_term_string\"}}],\"inLanguage\":\"fr-FR\"},{\"@type\":\"Organization\",\"@id\":\"https:\/\/opalinesrenov.fr\/#organization\",\"name\":\"OPALINES RENOV\",\"url\":\"https:\/\/opalinesrenov.fr\/\",\"logo\":{\"@type\":\"ImageObject\",\"inLanguage\":\"fr-FR\",\"@id\":\"https:\/\/opalinesrenov.fr\/#\/schema\/logo\/image\/\",\"url\":\"https:\/\/opalinesrenov.fr\/wp-content\/uploads\/2024\/02\/Logo-et-slogan-transparent-copie-1.png\",\"contentUrl\":\"https:\/\/opalinesrenov.fr\/wp-content\/uploads\/2024\/02\/Logo-et-slogan-transparent-copie-1.png\",\"width\":1218,\"height\":636,\"caption\":\"OPALINES RENOV\"},\"image\":{\"@id\":\"https:\/\/opalinesrenov.fr\/#\/schema\/logo\/image\/\"}}]}<\/script>\n<!-- \/ Yoast SEO plugin. -->","yoast_head_json":{"title":"Contact - OPALINES RENOV","description":"Opalines R\u00e9nov offre des services de r\u00e9novation r\u00e9sidentielle exceptionnels pour transformer vos espaces de vie en v\u00e9ritables joyaux. Contact","robots":{"index":"index","follow":"follow","max-snippet":"max-snippet:-1","max-image-preview":"max-image-preview:large","max-video-preview":"max-video-preview:-1"},"canonical":"https:\/\/opalinesrenov.fr\/index.php\/contact\/","og_locale":"fr_FR","og_type":"article","og_title":"Contact - OPALINES RENOV","og_description":"Opalines R\u00e9nov offre des services de r\u00e9novation r\u00e9sidentielle exceptionnels pour transformer vos espaces de vie en v\u00e9ritables joyaux. Contact","og_url":"https:\/\/opalinesrenov.fr\/index.php\/contact\/","og_site_name":"OPALINES RENOV","article_modified_time":"2024-03-03T11:23:56+00:00","og_image":[{"url":"https:\/\/opalinesrenov.fr\/wp-content\/uploads\/2024\/02\/Logo-et-slogan-transparent-1.png","type":"","width":"","height":""}],"twitter_card":"summary_large_image","twitter_misc":{"Dur\u00e9e de lecture estim\u00e9e":"2 minutes"},"schema":{"@context":"https:\/\/schema.org","@graph":[{"@type":"WebPage","@id":"https:\/\/opalinesrenov.fr\/index.php\/contact\/","url":"https:\/\/opalinesrenov.fr\/index.php\/contact\/","name":"Contact - OPALINES RENOV","isPartOf":{"@id":"https:\/\/opalinesrenov.fr\/#website"},"primaryImageOfPage":{"@id":"https:\/\/opalinesrenov.fr\/index.php\/contact\/#primaryimage"},"image":{"@id":"https:\/\/opalinesrenov.fr\/index.php\/contact\/#primaryimage"},"thumbnailUrl":"https:\/\/opalinesrenov.fr\/wp-content\/uploads\/2024\/02\/Logo-et-slogan-transparent-1.png","datePublished":"2024-02-19T14:57:38+00:00","dateModified":"2024-03-03T11:23:56+00:00","description":"Opalines R\u00e9nov offre des services de r\u00e9novation r\u00e9sidentielle exceptionnels pour transformer vos espaces de vie en v\u00e9ritables joyaux. Contact","breadcrumb":{"@id":"https:\/\/opalinesrenov.fr\/index.php\/contact\/#breadcrumb"},"inLanguage":"fr-FR","potentialAction":[{"@type":"ReadAction","target":["https:\/\/opalinesrenov.fr\/index.php\/contact\/"]}]},{"@type":"ImageObject","inLanguage":"fr-FR","@id":"https:\/\/opalinesrenov.fr\/index.php\/contact\/#primaryimage","url":"https:\/\/opalinesrenov.fr\/wp-content\/uploads\/2024\/02\/Logo-et-slogan-transparent-1.png","contentUrl":"https:\/\/opalinesrenov.fr\/wp-content\/uploads\/2024\/02\/Logo-et-slogan-transparent-1.png","width":609,"height":318},{"@type":"BreadcrumbList","@id":"https:\/\/opalinesrenov.fr\/index.php\/contact\/#breadcrumb","itemListElement":[{"@type":"ListItem","position":1,"name":"Accueil","item":"https:\/\/opalinesrenov.fr\/"},{"@type":"ListItem","position":2,"name":"Contact"}]},{"@type":"WebSite","@id":"https:\/\/opalinesrenov.fr\/#website","url":"https:\/\/opalinesrenov.fr\/","name":"OPALINES RENOV","description":"OPALINES RENOV , R\u00e9novation et Peinture sur Boulogne-Sur-Mer","publisher":{"@id":"https:\/\/opalinesrenov.fr\/#organization"},"potentialAction":[{"@type":"SearchAction","target":{"@type":"EntryPoint","urlTemplate":"https:\/\/opalinesrenov.fr\/?s={search_term_string}"},"query-input":{"@type":"PropertyValueSpecification","valueRequired":true,"valueName":"search_term_string"}}],"inLanguage":"fr-FR"},{"@type":"Organization","@id":"https:\/\/opalinesrenov.fr\/#organization","name":"OPALINES RENOV","url":"https:\/\/opalinesrenov.fr\/","logo":{"@type":"ImageObject","inLanguage":"fr-FR","@id":"https:\/\/opalinesrenov.fr\/#\/schema\/logo\/image\/","url":"https:\/\/opalinesrenov.fr\/wp-content\/uploads\/2024\/02\/Logo-et-slogan-transparent-copie-1.png","contentUrl":"https:\/\/opalinesrenov.fr\/wp-content\/uploads\/2024\/02\/Logo-et-slogan-transparent-copie-1.png","width":1218,"height":636,"caption":"OPALINES RENOV"},"image":{"@id":"https:\/\/opalinesrenov.fr\/#\/schema\/logo\/image\/"}}]}},"_links":{"self":[{"href":"https:\/\/opalinesrenov.fr\/index.php\/wp-json\/wp\/v2\/pages\/172","targetHints":{"allow":["GET"]}}],"collection":[{"href":"https:\/\/opalinesrenov.fr\/index.php\/wp-json\/wp\/v2\/pages"}],"about":[{"href":"https:\/\/opalinesrenov.fr\/index.php\/wp-json\/wp\/v2\/types\/page"}],"author":[{"embeddable":true,"href":"https:\/\/opalinesrenov.fr\/index.php\/wp-json\/wp\/v2\/users\/4"}],"replies":[{"embeddable":true,"href":"https:\/\/opalinesrenov.fr\/index.php\/wp-json\/wp\/v2\/comments?post=172"}],"version-history":[{"count":17,"href":"https:\/\/opalinesrenov.fr\/index.php\/wp-json\/wp\/v2\/pages\/172\/revisions"}],"predecessor-version":[{"id":1870,"href":"https:\/\/opalinesrenov.fr\/index.php\/wp-json\/wp\/v2\/pages\/172\/revisions\/1870"}],"wp:attachment":[{"href":"https:\/\/opalinesrenov.fr\/index.php\/wp-json\/wp\/v2\/media?parent=172"}],"curies":[{"name":"wp","href":"https:\/\/api.w.org\/{rel}","templated":true}]}}